{"id":10644,"date":"2022-03-21T18:02:13","date_gmt":"2022-03-22T01:02:13","guid":{"rendered":"https:\/\/myehsportal.com\/account-copy\/"},"modified":"2022-03-21T18:08:13","modified_gmt":"2022-03-22T01:08:13","slug":"account-training","status":"publish","type":"page","link":"https:\/\/myehsportal.com\/es\/account-training\/","title":{"rendered":"Account Training"},"content":{"rendered":"<div style=\"height:25px\" aria-hidden=\"true\" class=\"wp-block-spacer\"><\/div>\n\n\n\n<h2 class=\"wp-block-heading\">Profile Details<\/h2>\n\n\n\n<p>Hello , below you&#8217;ll find all of your account information!<\/p>\n\n\n<div class=\"mp_wrapper\">\n  <div class=\"mepr-unauthorized-message\">\n    You are unauthorized to view this page.  <\/div>\n  <div class=\"mepr-login-form-wrap\">\n      <\/div>\n<\/div>\n\n\n\n\n<div style=\"height:25px\" aria-hidden=\"true\" class=\"wp-block-spacer\"><\/div>\n\n\n\n<p>If you have any questions, please contact us at <a href=\"mailto:support@harrowenvironmental.com\" target=\"_blank\" rel=\"noreferrer noopener\">support@harrowenvironmental.com<\/a>.<\/p>\n\n\n\n<hr class=\"wp-block-separator\"\/>\n\n\n\n<div style=\"height:25px\" aria-hidden=\"true\" class=\"wp-block-spacer\"><\/div>\n\n\n\n<h2 class=\"wp-block-heading\">My Courses<\/h2>\n\n\n<div class=\"learndash-wrap\"><div id=\"ld-course-list-content-c2b6c76500ce64c78baba3121f10fec2\" class=\"ld-course-list-content\" data-shortcode-atts=\"{&quot;orderby&quot;:&quot;date&quot;,&quot;course_categoryselector&quot;:&quot;true&quot;,&quot;course_grid&quot;:&quot;true&quot;,&quot;progress_bar&quot;:&quot;true&quot;,&quot;price_type&quot;:&quot;free,paynow&quot;,&quot;num&quot;:&quot;3&quot;}\">\n\t\t\t<div class=\"ld-course-list-items row\">\n\t<!-- LearnDash Course Grid v1 --><div class=\"ld_course_grid col-sm-8 col-md-4\">\n\t<article id=\"post-10268\" class=\"thumbnail course post-10268 sfwd-courses type-sfwd-courses status-publish has-post-thumbnail hentry\">\n\t\t\t\t\t\t\t\t<div class=\"ribbon\">\n\t\t\t\tFree\t\t\t<\/div>\n\t\t\t\n\t\t\t\t\t\t<a\n\t\t\t\taria-hidden=\"true\"\n\t\t\t\thref=\"https:\/\/myehsportal.com\/es\/courses\/hazardous-communication\/\"\n\t\t\t\ttabindex=\"-1\"\n\t\t\t>\n\t\t\t\t<img fetchpriority=\"high\" decoding=\"async\" width=\"300\" height=\"169\" src=\"https:\/\/myehsportal.com\/wp-content\/uploads\/2022\/03\/A000-HazCom-Training-Template-2022315-rev1-300x169.jpg\" class=\"attachment-medium size-medium wp-post-image\" alt=\"Hazard Communication\" srcset=\"https:\/\/myehsportal.com\/wp-content\/uploads\/2022\/03\/A000-HazCom-Training-Template-2022315-rev1-300x169.jpg 300w, https:\/\/myehsportal.com\/wp-content\/uploads\/2022\/03\/A000-HazCom-Training-Template-2022315-rev1-768x432.jpg 768w, https:\/\/myehsportal.com\/wp-content\/uploads\/2022\/03\/A000-HazCom-Training-Template-2022315-rev1-250x141.jpg 250w, https:\/\/myehsportal.com\/wp-content\/uploads\/2022\/03\/A000-HazCom-Training-Template-2022315-rev1.jpg 960w\" sizes=\"(max-width: 300px) 100vw, 300px\" \/>\t\t\t<\/a>\n\t\t\t\t\t\n\t\t\t\t\t<div class=\"caption\">\n\t\t\t\t<h3 class=\"entry-title\">comunicaci\u00f3n peligrosa<\/h3>\n\t\t\t\t\t\t\t\t<div class=\"ld_course_grid_button\">\n\t\t\t\t\t<a\n\t\t\t\t\t\taria-label=\"Enroll Now: Hazard Communication\"\n\t\t\t\t\t\tclass=\"btn btn-primary\"\n\t\t\t\t\t\thref=\"https:\/\/myehsportal.com\/es\/courses\/hazardous-communication\/\"\n\t\t\t\t\t>\n\t\t\t\t\t\tEnroll Now\t\t\t\t\t<\/a>\n\t\t\t\t<\/div>\n\t\t\t\t\t\t\t\t\t\t\t\t\t\t\t\t\t\t\t\t\t\t\t\t\t\t\t<\/div><!-- .entry-header -->\n\t\t\t<\/article><!-- #post-## -->\n<\/div><!-- .ld_course_grid -->\n<!-- LearnDash Course Grid v1 --><div class=\"ld_course_grid col-sm-8 col-md-4\">\n\t<article id=\"post-10265\" class=\"thumbnail course post-10265 sfwd-courses type-sfwd-courses status-publish has-post-thumbnail hentry\">\n\t\t\t\t\t\t\t\t<div class=\"ribbon\">\n\t\t\t\tCall Us\t\t\t<\/div>\n\t\t\t\n\t\t\t\t\t\t<a\n\t\t\t\taria-hidden=\"true\"\n\t\t\t\thref=\"https:\/\/myehsportal.com\/es\/courses\/employee-orientation\/\"\n\t\t\t\ttabindex=\"-1\"\n\t\t\t>\n\t\t\t\t<img decoding=\"async\" width=\"300\" height=\"169\" src=\"https:\/\/myehsportal.com\/wp-content\/uploads\/2022\/03\/A000-PPE-Demo-Course-Featured-Image-20220323-rev1-300x169.jpg\" class=\"attachment-medium size-medium wp-post-image\" alt=\"Personal Protective Equipment Demo Page\" srcset=\"https:\/\/myehsportal.com\/wp-content\/uploads\/2022\/03\/A000-PPE-Demo-Course-Featured-Image-20220323-rev1-300x169.jpg 300w, https:\/\/myehsportal.com\/wp-content\/uploads\/2022\/03\/A000-PPE-Demo-Course-Featured-Image-20220323-rev1-1024x576.jpg 1024w, https:\/\/myehsportal.com\/wp-content\/uploads\/2022\/03\/A000-PPE-Demo-Course-Featured-Image-20220323-rev1-768x432.jpg 768w, https:\/\/myehsportal.com\/wp-content\/uploads\/2022\/03\/A000-PPE-Demo-Course-Featured-Image-20220323-rev1-250x141.jpg 250w, https:\/\/myehsportal.com\/wp-content\/uploads\/2022\/03\/A000-PPE-Demo-Course-Featured-Image-20220323-rev1.jpg 1280w\" sizes=\"(max-width: 300px) 100vw, 300px\" \/>\t\t\t<\/a>\n\t\t\t\t\t\n\t\t\t\t\t<div class=\"caption\">\n\t\t\t\t<h3 class=\"entry-title\">P\u00e1gina de demostraci\u00f3n de equipos de protecci\u00f3n personal<\/h3>\n\t\t\t\t\t\t\t\t<div class=\"ld_course_grid_button\">\n\t\t\t\t\t<a\n\t\t\t\t\t\taria-label=\"Enroll Now: Personal Protective Equipment Demo Page\"\n\t\t\t\t\t\tclass=\"btn btn-primary\"\n\t\t\t\t\t\thref=\"https:\/\/myehsportal.com\/es\/courses\/employee-orientation\/\"\n\t\t\t\t\t>\n\t\t\t\t\t\tEnroll Now\t\t\t\t\t<\/a>\n\t\t\t\t<\/div>\n\t\t\t\t\t\t\t\t\t\t\t\t\t\t\t\t\t\t\t\t\t\t\t\t\t\t\t<\/div><!-- .entry-header -->\n\t\t\t<\/article><!-- #post-## -->\n<\/div><!-- .ld_course_grid -->\n<!-- LearnDash Course Grid v1 --><div class=\"ld_course_grid col-sm-8 col-md-4\">\n\t<article id=\"post-10263\" class=\"thumbnail course post-10263 sfwd-courses type-sfwd-courses status-publish has-post-thumbnail hentry\">\n\t\t\t\t\t\t\t\t<div class=\"ribbon\">\n\t\t\t\tCall Us\t\t\t<\/div>\n\t\t\t\n\t\t\t\t\t\t<a\n\t\t\t\taria-hidden=\"true\"\n\t\t\t\thref=\"https:\/\/myehsportal.com\/es\/courses\/contractor-safety\/\"\n\t\t\t\ttabindex=\"-1\"\n\t\t\t>\n\t\t\t\t<img decoding=\"async\" width=\"300\" height=\"169\" src=\"https:\/\/myehsportal.com\/wp-content\/uploads\/2022\/03\/Respiratory-Protection-Cover-Page-300x169.jpg\" class=\"attachment-medium size-medium wp-post-image\" alt=\"Respiratory Protection Demo Page\" srcset=\"https:\/\/myehsportal.com\/wp-content\/uploads\/2022\/03\/Respiratory-Protection-Cover-Page-300x169.jpg 300w, https:\/\/myehsportal.com\/wp-content\/uploads\/2022\/03\/Respiratory-Protection-Cover-Page-1024x576.jpg 1024w, https:\/\/myehsportal.com\/wp-content\/uploads\/2022\/03\/Respiratory-Protection-Cover-Page-768x432.jpg 768w, https:\/\/myehsportal.com\/wp-content\/uploads\/2022\/03\/Respiratory-Protection-Cover-Page-250x141.jpg 250w, https:\/\/myehsportal.com\/wp-content\/uploads\/2022\/03\/Respiratory-Protection-Cover-Page.jpg 1280w\" sizes=\"(max-width: 300px) 100vw, 300px\" \/>\t\t\t<\/a>\n\t\t\t\t\t\n\t\t\t\t\t<div class=\"caption\">\n\t\t\t\t<h3 class=\"entry-title\">P\u00e1gina de demostraci\u00f3n de protecci\u00f3n respiratoria<\/h3>\n\t\t\t\t\t\t\t\t<div class=\"ld_course_grid_button\">\n\t\t\t\t\t<a\n\t\t\t\t\t\taria-label=\"Enroll Now: Respiratory Protection Demo Page\"\n\t\t\t\t\t\tclass=\"btn btn-primary\"\n\t\t\t\t\t\thref=\"https:\/\/myehsportal.com\/es\/courses\/contractor-safety\/\"\n\t\t\t\t\t>\n\t\t\t\t\t\tEnroll Now\t\t\t\t\t<\/a>\n\t\t\t\t<\/div>\n\t\t\t\t\t\t\t\t\t\t\t\t\t\t\t\t\t\t\t\t\t\t\t\t\t\t\t<\/div><!-- .entry-header -->\n\t\t\t<\/article><!-- #post-## -->\n<\/div><!-- .ld_course_grid -->\n\t<\/div>\n\t<div class=\"learndash-pager learndash-pager-course_list\" data-nonce=\"f322b0a314\" >\t\t<span class=\"pager-left\">\n\t\t\t<a\n\t\t\t\t\t\tdata-paged=\"1\" class=\"disabled\"  disabled=\"disabled\"  title=\"First Page\">\u00ab<\/a>\n\t\t\t<a  data-paged=\"1\" class=\"disabled\"  disabled=\"disabled\"  title=\"Previous Page\">\u2039<\/a>\n\t\t<\/span>\n\t\t<span class=\"pager-right\">\n\t\t\t<a \tdata-paged=\"2\" class=\"\"  title=\"Next Page\">\u203a<\/a>\n\n\t\t\t<a  data-paged=\"2\" class=\"\"  title=\"Last Page\">\u00bb<\/a>\n\t\t<\/span>\n\t\t<span class=\"pager-legend\">\n\t\t\t<span class=\"pagedisplay\">page <span class=\"current_page\">1<\/span> \/ <span class=\"total_pages\">2<\/span><\/span>\n\t\t<\/span>\n\t\t<\/div>\t\t<\/div>\n\t\t<\/div>","protected":false},"excerpt":{"rendered":"<p>Profile Details Hello , below you&#8217;ll find all of your account information! If you have any questions, please contact us at support@harrowenvironmental.com. My Courses<\/p>","protected":false},"author":53,"featured_media":0,"parent":0,"menu_order":0,"comment_status":"closed","ping_status":"closed","template":"page-templates\/courses.php","meta":{"_acf_changed":false,"footnotes":""},"class_list":["post-10644","page","type-page","status-publish","hentry"],"acf":[],"_links":{"self":[{"href":"https:\/\/myehsportal.com\/es\/wp-json\/wp\/v2\/pages\/10644","targetHints":{"allow":["GET"]}}],"collection":[{"href":"https:\/\/myehsportal.com\/es\/wp-json\/wp\/v2\/pages"}],"about":[{"href":"https:\/\/myehsportal.com\/es\/wp-json\/wp\/v2\/types\/page"}],"author":[{"embeddable":true,"href":"https:\/\/myehsportal.com\/es\/wp-json\/wp\/v2\/users\/53"}],"replies":[{"embeddable":true,"href":"https:\/\/myehsportal.com\/es\/wp-json\/wp\/v2\/comments?post=10644"}],"version-history":[{"count":1,"href":"https:\/\/myehsportal.com\/es\/wp-json\/wp\/v2\/pages\/10644\/revisions"}],"predecessor-version":[{"id":10649,"href":"https:\/\/myehsportal.com\/es\/wp-json\/wp\/v2\/pages\/10644\/revisions\/10649"}],"wp:attachment":[{"href":"https:\/\/myehsportal.com\/es\/wp-json\/wp\/v2\/media?parent=10644"}],"curies":[{"name":"wp","href":"https:\/\/api.w.org\/{rel}","templated":true}]}}